{"id":877,"date":"2014-12-15T10:39:15","date_gmt":"2014-12-15T09:39:15","guid":{"rendered":"http:\/\/www.e-artiste.fr\/creation\/?page_id=877"},"modified":"2018-11-29T11:55:54","modified_gmt":"2018-11-29T10:55:54","slug":"web","status":"publish","type":"page","link":"https:\/\/e-artiste.fr\/creation\/web\/","title":{"rendered":"WEB"},"content":{"rendered":"<p>[et_pb_section bb_built=\u00a0\u00bb1&Prime; fullwidth=\u00a0\u00bbon\u00a0\u00bb specialty=\u00a0\u00bboff\u00a0\u00bb transparent_background=\u00a0\u00bboff\u00a0\u00bb background_color=\u00a0\u00bb#ffffff\u00a0\u00bb inner_shadow=\u00a0\u00bboff\u00a0\u00bb parallax=\u00a0\u00bboff\u00a0\u00bb parallax_method=\u00a0\u00bboff\u00a0\u00bb next_background_color=\u00a0\u00bb#eaeaea\u00a0\u00bb][et_pb_fullwidth_slider admin_label=\u00a0\u00bbFullwidth Slider\u00a0\u00bb show_arrows=\u00a0\u00bbon\u00a0\u00bb show_pagination=\u00a0\u00bbon\u00a0\u00bb custom_padding=\u00a0\u00bb|||\u00a0\u00bb show_content_on_mobile=\u00a0\u00bbon\u00a0\u00bb show_cta_on_mobile=\u00a0\u00bbon\u00a0\u00bb box_shadow_blur=\u00a0\u00bb10px\u00a0\u00bb box_shadow_color=\u00a0\u00bbrgba(0,0,0,0.1)\u00a0\u00bb _builder_version=\u00a0\u00bb3.0.106&Prime; custom_button=\u00a0\u00bboff\u00a0\u00bb button_icon_placement=\u00a0\u00bbright\u00a0\u00bb show_image_video_mobile=\u00a0\u00bboff\u00a0\u00bb][et_pb_slide heading=\u00a0\u00bbWEB\u00a0\u00bb background_image=\u00a0\u00bbhttp:\/\/www.e-artiste.fr\/creation\/wp-content\/uploads\/2014\/12\/Pageweb3.jpg\u00a0\u00bb background_color=\u00a0\u00bb#ffffff\u00a0\u00bb image=\u00a0\u00bbhttp:\/\/e-artiste.fr\/creation\/wp-content\/uploads\/2018\/04\/pictosWeb-2.png\u00a0\u00bb alignment=\u00a0\u00bbcenter\u00a0\u00bb background_layout=\u00a0\u00bbdark\u00a0\u00bb allow_player_pause=\u00a0\u00bboff\u00a0\u00bb _builder_version=\u00a0\u00bb3.0.106&Prime; use_background_color_gradient=\u00a0\u00bboff\u00a0\u00bb background_color_gradient_start=\u00a0\u00bb#2b87da\u00a0\u00bb background_color_gradient_end=\u00a0\u00bb#29c4a9&Prime; background_color_gradient_type=\u00a0\u00bblinear\u00a0\u00bb background_color_gradient_direction=\u00a0\u00bb180deg\u00a0\u00bb background_color_gradient_direction_radial=\u00a0\u00bbcenter\u00a0\u00bb background_color_gradient_start_position=\u00a0\u00bb0%\u00a0\u00bb background_color_gradient_end_position=\u00a0\u00bb100%\u00a0\u00bb background_color_gradient_overlays_image=\u00a0\u00bboff\u00a0\u00bb parallax=\u00a0\u00bboff\u00a0\u00bb parallax_method=\u00a0\u00bbon\u00a0\u00bb background_size=\u00a0\u00bbcover\u00a0\u00bb background_position=\u00a0\u00bbcenter\u00a0\u00bb background_repeat=\u00a0\u00bbno-repeat\u00a0\u00bb background_blend=\u00a0\u00bbnormal\u00a0\u00bb background_video_pause_outside_viewport=\u00a0\u00bbon\u00a0\u00bb use_bg_overlay=\u00a0\u00bboff\u00a0\u00bb use_text_overlay=\u00a0\u00bboff\u00a0\u00bb text_border_radius=\u00a0\u00bb3&Prime; child_filter_hue_rotate=\u00a0\u00bb0deg\u00a0\u00bb child_filter_saturate=\u00a0\u00bb100%\u00a0\u00bb child_filter_brightness=\u00a0\u00bb100%\u00a0\u00bb child_filter_contrast=\u00a0\u00bb100%\u00a0\u00bb child_filter_invert=\u00a0\u00bb0%\u00a0\u00bb child_filter_sepia=\u00a0\u00bb0%\u00a0\u00bb child_filter_opacity=\u00a0\u00bb100%\u00a0\u00bb child_filter_blur=\u00a0\u00bb0px\u00a0\u00bb child_mix_blend_mode=\u00a0\u00bbnormal\u00a0\u00bb text_shadow_style=\u00a0\u00bbnone\u00a0\u00bb header_text_shadow_style=\u00a0\u00bbnone\u00a0\u00bb body_text_shadow_style=\u00a0\u00bbnone\u00a0\u00bb custom_button=\u00a0\u00bboff\u00a0\u00bb button_bg_use_color_gradient=\u00a0\u00bboff\u00a0\u00bb button_bg_color_gradient_overlays_image=\u00a0\u00bboff\u00a0\u00bb button_use_icon=\u00a0\u00bbon\u00a0\u00bb button_on_hover=\u00a0\u00bbon\u00a0\u00bb button_text_shadow_style=\u00a0\u00bbnone\u00a0\u00bb box_shadow_style_button=\u00a0\u00bbnone\u00a0\u00bb \/][\/et_pb_fullwidth_slider][\/et_pb_section][et_pb_section bb_built=\u00a0\u00bb1&Prime; fullwidth=\u00a0\u00bboff\u00a0\u00bb specialty=\u00a0\u00bboff\u00a0\u00bb transparent_background=\u00a0\u00bboff\u00a0\u00bb background_color=\u00a0\u00bb#eaeaea\u00a0\u00bb allow_player_pause=\u00a0\u00bboff\u00a0\u00bb inner_shadow=\u00a0\u00bboff\u00a0\u00bb parallax=\u00a0\u00bboff\u00a0\u00bb parallax_method=\u00a0\u00bboff\u00a0\u00bb prev_background_color=\u00a0\u00bb#ffffff\u00a0\u00bb next_background_color=\u00a0\u00bb#ffffff\u00a0\u00bb][et_pb_row][et_pb_column type=\u00a0\u00bb1_3&Prime;][et_pb_text background_layout=\u00a0\u00bblight\u00a0\u00bb text_orientation=\u00a0\u00bbleft\u00a0\u00bb background_position=\u00a0\u00bbtop_left\u00a0\u00bb background_repeat=\u00a0\u00bbrepeat\u00a0\u00bb background_size=\u00a0\u00bbinitial\u00a0\u00bb]<\/p>\n<h2><span style=\"color: #333333;\">Pack web standard<\/span><\/h2>\n<h2><span style=\"color: #333333;\">1400\u20ac<\/span><\/h2>\n<p>[\/et_pb_text][\/et_pb_column][et_pb_column type=\u00a0\u00bb2_3&Prime;][et_pb_text background_layout=\u00a0\u00bblight\u00a0\u00bb text_orientation=\u00a0\u00bbleft\u00a0\u00bb background_position=\u00a0\u00bbtop_left\u00a0\u00bb background_repeat=\u00a0\u00bbrepeat\u00a0\u00bb background_size=\u00a0\u00bbinitial\u00a0\u00bb]<\/p>\n<ul>\n<li><span style=\"color: #333333;\">Une page vitrine sur mesure,\u00a0dynamique, adapt\u00e9e aux smartphones et tablettes. Une iconographie soign\u00e9e avec 6 photos professionnelles, r\u00e9daction et description de votre entreprise.<\/span><\/li>\n<li><span style=\"color: #333333;\">Une page contact personnalis\u00e9e\u00a0avec plan d&rsquo;acc\u00e8s, carte et liens r\u00e9seaux sociaux.<\/span><\/li>\n<li><span style=\"color: #333333;\">Une page Google+ pour le r\u00e9f\u00e9rencement naturel.<\/span><\/li>\n<\/ul>\n<p style=\"text-align: center;\"><span style=\"color: #808080;\"><em>Suivant vos objectifs et votre budget,\u00a0plusieurs possibilit\u00e9s s&rsquo;offrent \u00e0\u00a0vous. N&rsquo;h\u00e9sitez pas \u00e0 demander conseil.<\/em><\/span><\/p>\n<p>[\/et_pb_text][\/et_pb_column][\/et_pb_row][\/et_pb_section][et_pb_section bb_built=\u00a0\u00bb1&Prime; fullwidth=\u00a0\u00bboff\u00a0\u00bb specialty=\u00a0\u00bboff\u00a0\u00bb prev_background_color=\u00a0\u00bb#eaeaea\u00a0\u00bb next_background_color=\u00a0\u00bb#e8e8e8&Prime;][et_pb_row][et_pb_column type=\u00a0\u00bb4_4&Prime;][et_pb_text admin_label=\u00a0\u00bbText\u00a0\u00bb background_layout=\u00a0\u00bblight\u00a0\u00bb background_position=\u00a0\u00bbtop_left\u00a0\u00bb background_repeat=\u00a0\u00bbrepeat\u00a0\u00bb background_size=\u00a0\u00bbinitial\u00a0\u00bb _builder_version=\u00a0\u00bb3.0.106&Prime;]<\/p>\n<h3 style=\"text-align: left;\"><span style=\"color: #333333;\">Conception et r\u00e9alisation de site internet responsive design.<\/span><\/h3>\n<p style=\"text-align: left;\"><span style=\"color: #808080;\">Actuellement, l&rsquo;\u00e9dition d&rsquo;un site internet doit s&rsquo;adapter automatiquement \u00e0 la taille des\u00a0\u00e9crans\u00a0smartphones et tablettes. Je\u00a0compose\u00a0et d\u00e9veloppe pour vous des sites internet fiables, clairs et efficaces pour tous ces supports. <em><span style=\"color: #333333;\">exemples :<\/span>\u00a0<a href=\"http:\/\/faivre-pierret.com\" target=\"_blank\" rel=\"noopener\">www.faivre-pierret.com<\/a><\/em><\/span><\/p>\n<p>[\/et_pb_text][et_pb_image src=\u00a0\u00bbhttp:\/\/www.e-artiste.fr\/creation\/wp-content\/uploads\/2015\/02\/Responsive.png\u00a0\u00bb show_in_lightbox=\u00a0\u00bboff\u00a0\u00bb url_new_window=\u00a0\u00bboff\u00a0\u00bb animation=\u00a0\u00bboff\u00a0\u00bb sticky=\u00a0\u00bboff\u00a0\u00bb animation_style=\u00a0\u00bbnone\u00a0\u00bb animation_duration=\u00a0\u00bb1000ms\u00a0\u00bb animation_intensity_slide=\u00a0\u00bb50%\u00a0\u00bb show_bottom_space=\u00a0\u00bbon\u00a0\u00bb \/][et_pb_text admin_label=\u00a0\u00bbText\u00a0\u00bb background_layout=\u00a0\u00bblight\u00a0\u00bb background_position=\u00a0\u00bbtop_left\u00a0\u00bb background_repeat=\u00a0\u00bbrepeat\u00a0\u00bb background_size=\u00a0\u00bbinitial\u00a0\u00bb _builder_version=\u00a0\u00bb3.0.106&Prime;]<\/p>\n<h3><span style=\"color: #333333;\">Une iconographie soign\u00e9e<\/span><\/h3>\n<p>[\/et_pb_text][et_pb_gallery gallery_ids=\u00a0\u00bb1486,1456,1471,1420,1577,1417,1604,1903&Prime; fullwidth=\u00a0\u00bboff\u00a0\u00bb posts_number=\u00a0\u00bb8&Prime; show_title_and_caption=\u00a0\u00bbon\u00a0\u00bb show_pagination=\u00a0\u00bboff\u00a0\u00bb background_layout=\u00a0\u00bblight\u00a0\u00bb \/][et_pb_text background_layout=\u00a0\u00bblight\u00a0\u00bb text_orientation=\u00a0\u00bbleft\u00a0\u00bb background_position=\u00a0\u00bbtop_left\u00a0\u00bb background_repeat=\u00a0\u00bbrepeat\u00a0\u00bb background_size=\u00a0\u00bbinitial\u00a0\u00bb]<\/p>\n<p>Fort de 20\u00a0ann\u00e9es d&rsquo;exp\u00e9rience en Art graphique, dipl\u00f4m\u00e9 des \u00e9coles sup\u00e9rieures, Supcr\u00e9a de\u00a0Grenoble et\u00a0ISBA de Besan\u00e7on, je<strong>\u00a0<\/strong>mets tout mon savoir-faire \u00e0 votre disposition pour la cr\u00e9ation et la gestion de votre site Internet. Des comp\u00e9tences qui s&rsquo;\u00e9tendent avec un r\u00e9seau d&rsquo;artisans reconnus pour \u00a0trouver les meilleures solutions adapt\u00e9es \u00e0 vos besoins et \u00e0 votre budget. N&rsquo;h\u00e9sitez pas \u00e0 me\u00a0contacter pour un devis ou un\u00a0conseil.<\/p>\n<p>[\/et_pb_text][\/et_pb_column][\/et_pb_row][\/et_pb_section][et_pb_section bb_built=\u00a0\u00bb1&Prime; fullwidth=\u00a0\u00bboff\u00a0\u00bb specialty=\u00a0\u00bboff\u00a0\u00bb transparent_background=\u00a0\u00bboff\u00a0\u00bb background_color=\u00a0\u00bb#e8e8e8&Prime; allow_player_pause=\u00a0\u00bboff\u00a0\u00bb inner_shadow=\u00a0\u00bboff\u00a0\u00bb parallax=\u00a0\u00bboff\u00a0\u00bb parallax_method=\u00a0\u00bboff\u00a0\u00bb prev_background_color=\u00a0\u00bb#ffffff\u00a0\u00bb next_background_color=\u00a0\u00bb#ffffff\u00a0\u00bb][et_pb_row][et_pb_column type=\u00a0\u00bb4_4&Prime;][et_pb_text background_layout=\u00a0\u00bblight\u00a0\u00bb background_position=\u00a0\u00bbtop_left\u00a0\u00bb background_repeat=\u00a0\u00bbrepeat\u00a0\u00bb background_size=\u00a0\u00bbinitial\u00a0\u00bb _builder_version=\u00a0\u00bb3.0.106&Prime;]<\/p>\n<h3 style=\"text-align: center;\"><span style=\"text-decoration: underline; color: #333333;\">r\u00e9alisations r\u00e9centes<\/span><\/h3>\n<p>[\/et_pb_text][\/et_pb_column][\/et_pb_row][et_pb_row][et_pb_column type=\u00a0\u00bb4_4&Prime;][et_pb_filterable_portfolio fullwidth=\u00a0\u00bboff\u00a0\u00bb posts_number=\u00a0\u00bb8&Prime; include_categories=\u00a0\u00bb38&Prime; show_title=\u00a0\u00bbon\u00a0\u00bb show_categories=\u00a0\u00bbon\u00a0\u00bb show_pagination=\u00a0\u00bbon\u00a0\u00bb background_layout=\u00a0\u00bblight\u00a0\u00bb background_position=\u00a0\u00bbtop_left\u00a0\u00bb background_repeat=\u00a0\u00bbrepeat\u00a0\u00bb background_size=\u00a0\u00bbinitial\u00a0\u00bb \/][\/et_pb_column][\/et_pb_row][\/et_pb_section][et_pb_section bb_built=\u00a0\u00bb1&Prime; fullwidth=\u00a0\u00bboff\u00a0\u00bb specialty=\u00a0\u00bboff\u00a0\u00bb prev_background_color=\u00a0\u00bb#e8e8e8&Prime; next_background_color=\u00a0\u00bb#000000&Prime;][et_pb_row][et_pb_column type=\u00a0\u00bb4_4&Prime;][et_pb_text background_layout=\u00a0\u00bblight\u00a0\u00bb background_position=\u00a0\u00bbtop_left\u00a0\u00bb background_repeat=\u00a0\u00bbrepeat\u00a0\u00bb background_size=\u00a0\u00bbinitial\u00a0\u00bb _builder_version=\u00a0\u00bb3.0.106&Prime;]<\/p>\n<p><span style=\"color: #99cc00;\"><span style=\"color: #333333;\"><strong>Un\u00a0360\u00b0 interactif<\/strong> <\/span>\u00a0<span style=\"color: #999999;\">\u00a0<span style=\"color: #333333;\"><a style=\"color: #333333;\" href=\"http:\/\/le-pre-oudot.fr\/project\/la-suite-albert\/\" target=\"_blank\" rel=\"noopener\">La\u00a0Suite d&rsquo;Albert<\/a>\u00a0<\/span>\u00a0<span style=\"color: #333333;\"><em>Le Pr\u00e9 Oudot, maison d&rsquo;h\u00f4tes de Charme<\/em>.<\/span><\/span><\/span><\/p>\n<p>[\/et_pb_text][et_pb_text background_layout=\u00a0\u00bblight\u00a0\u00bb background_position=\u00a0\u00bbtop_left\u00a0\u00bb background_repeat=\u00a0\u00bbrepeat\u00a0\u00bb background_size=\u00a0\u00bbinitial\u00a0\u00bb _builder_version=\u00a0\u00bb3.0.106&Prime;]<\/p>\n\n<object classid=\"clsid:D27CDB6E-AE6D-11cf-96B8-444553540000\"\n\t\t\tid=\"fm_albert_1528353003\"\n\t\t\tclass=\"flashmovie\"\n\t\t\twidth=\"400\"\n\t\t\theight=\"250\">\n\t<param name=\"movie\" value=\"https:\/\/le-pre-oudot.fr\/panorama\/albertdata\/albert.swf\" \/>\n\t<!--[if !IE]>-->\n\t<object\ttype=\"application\/x-shockwave-flash\"\n\t\t\tdata=\"https:\/\/le-pre-oudot.fr\/panorama\/albertdata\/albert.swf\"\n\t\t\tname=\"fm_albert_1528353003\"\n\t\t\twidth=\"400\"\n\t\t\theight=\"250\">\n\t<!--<![endif]-->\n\t\t\n\t<!--[if !IE]>-->\n\t<\/object>\n\t<!--<![endif]-->\n<\/object>\n<p>[\/et_pb_text][\/et_pb_column][\/et_pb_row][\/et_pb_section][et_pb_section bb_built=\"1\" fullwidth=\"off\" specialty=\"off\" transparent_background=\"off\" inner_shadow=\"off\" parallax=\"off\" parallax_method=\"off\" background_image=\"http:\/\/www.e-artiste.fr\/creation\/wp-content\/uploads\/2015\/01\/PageVidep.jpg\" allow_player_pause=\"off\" prev_background_color=\"#ffffff\" next_background_color=\"#000000\"][et_pb_row][et_pb_column type=\"1_3\"][et_pb_circle_counter admin_label=\"Circle Counter\" title=\"Cr\u00e9atif\" number=\"100\" percent_sign=\"on\" background_layout=\"dark\" bar_bg_color=\"#bbe500\" \/][\/et_pb_column][et_pb_column type=\"1_3\"][et_pb_circle_counter admin_label=\"Circle Counter\" title=\"Intuitif\" number=\"100\" percent_sign=\"on\" background_layout=\"dark\" bar_bg_color=\"#bbe500\" \/][\/et_pb_column][et_pb_column type=\"1_3\"][et_pb_circle_counter admin_label=\"Circle Counter\" title=\"Interactif\" number=\"100\" percent_sign=\"on\" background_layout=\"dark\" bar_bg_color=\"#bbe500\" \/][\/et_pb_column][\/et_pb_row][\/et_pb_section]<\/p>\n","protected":false},"excerpt":{"rendered":"<p><div class=\"et_pb_row et_pb_row_0 et_pb_row_empty\">\n\t\t\t\t\n\t\t\t\t\n\t\t\t\t\n\t\t\t\t\n\t\t\t\t\n\t\t\t<\/div> Pack web standard 1400\u20ac Une page vitrine sur mesure,\u00a0dynamique, adapt\u00e9e aux smartphones et tablettes. Une iconographie soign\u00e9e avec 6 photos professionnelles, r\u00e9daction et description de votre entreprise. Une page contact personnalis\u00e9e\u00a0avec plan d&rsquo;acc\u00e8s, carte et liens r\u00e9seaux sociaux. Une page Google+ pour le r\u00e9f\u00e9rencement naturel. Suivant vos objectifs et votre budget,\u00a0plusieurs possibilit\u00e9s s&rsquo;offrent \u00e0\u00a0vous. [&hellip;]<\/p>\n","protected":false},"author":1,"featured_media":0,"parent":0,"menu_order":0,"comment_status":"open","ping_status":"open","template":"","meta":{"_et_pb_use_builder":"on","_et_pb_old_content":"","_et_gb_content_width":"","footnotes":""},"class_list":["post-877","page","type-page","status-publish","hentry"],"_links":{"self":[{"href":"https:\/\/e-artiste.fr\/creation\/wp-json\/wp\/v2\/pages\/877","targetHints":{"allow":["GET"]}}],"collection":[{"href":"https:\/\/e-artiste.fr\/creation\/wp-json\/wp\/v2\/pages"}],"about":[{"href":"https:\/\/e-artiste.fr\/creation\/wp-json\/wp\/v2\/types\/page"}],"author":[{"embeddable":true,"href":"https:\/\/e-artiste.fr\/creation\/wp-json\/wp\/v2\/users\/1"}],"replies":[{"embeddable":true,"href":"https:\/\/e-artiste.fr\/creation\/wp-json\/wp\/v2\/comments?post=877"}],"version-history":[{"count":156,"href":"https:\/\/e-artiste.fr\/creation\/wp-json\/wp\/v2\/pages\/877\/revisions"}],"predecessor-version":[{"id":3666,"href":"https:\/\/e-artiste.fr\/creation\/wp-json\/wp\/v2\/pages\/877\/revisions\/3666"}],"wp:attachment":[{"href":"https:\/\/e-artiste.fr\/creation\/wp-json\/wp\/v2\/media?parent=877"}],"curies":[{"name":"wp","href":"https:\/\/api.w.org\/{rel}","templated":true}]}}