{"id":833,"date":"2014-10-14T12:31:44","date_gmt":"2014-10-14T10:31:44","guid":{"rendered":"http:\/\/www.e-artiste.fr\/creation\/?page_id=833"},"modified":"2025-05-20T16:03:07","modified_gmt":"2025-05-20T14:03:07","slug":"acceuil","status":"publish","type":"page","link":"https:\/\/e-artiste.fr\/creation\/","title":{"rendered":"ACCUEIL"},"content":{"rendered":"<p>[et_pb_section fb_built=\u00a0\u00bb1&Prime; fullwidth=\u00a0\u00bbon\u00a0\u00bb _builder_version=\u00a0\u00bb4.19.2&Prime; _module_preset=\u00a0\u00bbdefault\u00a0\u00bb global_colors_info=\u00a0\u00bb{}\u00a0\u00bb][et_pb_fullwidth_header text_orientation=\u00a0\u00bbcenter\u00a0\u00bb header_scroll_down=\u00a0\u00bbon\u00a0\u00bb scroll_down_icon=\u00a0\u00bb%%6%%\u00a0\u00bb scroll_down_icon_color=\u00a0\u00bb#ddd899&Prime; _builder_version=\u00a0\u00bb4.19.2&Prime; _module_preset=\u00a0\u00bbdefault\u00a0\u00bb background_color=\u00a0\u00bbRGBA(255,255,255,0)\u00a0\u00bb background_image=\u00a0\u00bbhttps:\/\/e-artiste.fr\/creation\/wp-content\/uploads\/2023\/05\/atelier-graphique-Blondeau.jpg\u00a0\u00bb custom_padding=\u00a0\u00bb||900px||false|false\u00a0\u00bb global_colors_info=\u00a0\u00bb{}\u00a0\u00bb][\/et_pb_fullwidth_header][\/et_pb_section][et_pb_section fb_built=\u00a0\u00bb1&Prime; _builder_version=\u00a0\u00bb4.16&Prime; custom_margin=\u00a0\u00bb0px|||\u00a0\u00bb custom_padding=\u00a0\u00bb0px|||\u00a0\u00bb global_colors_info=\u00a0\u00bb{}\u00a0\u00bb][et_pb_row column_structure=\u00a0\u00bb1_3,1_3,1_3&Prime; _builder_version=\u00a0\u00bb4.16&Prime; background_size=\u00a0\u00bbinitial\u00a0\u00bb background_position=\u00a0\u00bbtop_left\u00a0\u00bb background_repeat=\u00a0\u00bbrepeat\u00a0\u00bb global_colors_info=\u00a0\u00bb{}\u00a0\u00bb][et_pb_column type=\u00a0\u00bb1_3&Prime; _builder_version=\u00a0\u00bb4.16&Prime; custom_padding=\u00a0\u00bb|||\u00a0\u00bb global_colors_info=\u00a0\u00bb{}\u00a0\u00bb custom_padding__hover=\u00a0\u00bb|||\u00a0\u00bb][et_pb_blurb title=\u00a0\u00bbWEB\u00a0\u00bb url=\u00a0\u00bbhttp:\/\/www.e-artiste.fr\/creation\/web\/\u00a0\u00bb image=\u00a0\u00bbhttp:\/\/www.e-artiste.fr\/creation\/wp-content\/uploads\/2015\/02\/pictosWeb2.png\u00a0\u00bb admin_label=\u00a0\u00bbBlurb\u00a0\u00bb _builder_version=\u00a0\u00bb4.16&Prime; background_size=\u00a0\u00bbinitial\u00a0\u00bb background_position=\u00a0\u00bbtop_left\u00a0\u00bb background_repeat=\u00a0\u00bbrepeat\u00a0\u00bb text_orientation=\u00a0\u00bbcenter\u00a0\u00bb max_width_tablet=\u00a0\u00bb50px\u00a0\u00bb animation=\u00a0\u00bbright\u00a0\u00bb global_colors_info=\u00a0\u00bb{}\u00a0\u00bb]<\/p>\n<p>Sites internet complets, photo 360\u00b0, r\u00e9f\u00e9rencement et gestion des r\u00e9seaux sociaux.<\/p>\n<p>[\/et_pb_blurb][et_pb_blurb title=\u00a0\u00bbDESIGN PRODUIT\u00a0\u00bb url=\u00a0\u00bbhttp:\/\/www.e-artiste.fr\/creation\/design-produit\u00a0\u00bb image=\u00a0\u00bbhttp:\/\/www.e-artiste.fr\/creation\/wp-content\/uploads\/2015\/01\/pictosDesignP1.png\u00a0\u00bb admin_label=\u00a0\u00bbBlurb\u00a0\u00bb _builder_version=\u00a0\u00bb4.16&Prime; background_size=\u00a0\u00bbinitial\u00a0\u00bb background_position=\u00a0\u00bbtop_left\u00a0\u00bb background_repeat=\u00a0\u00bbrepeat\u00a0\u00bb text_orientation=\u00a0\u00bbcenter\u00a0\u00bb animation=\u00a0\u00bbright\u00a0\u00bb global_colors_info=\u00a0\u00bb{}\u00a0\u00bb]<\/p>\n<p>Imaginer, cr\u00e9er des formes et des volumes de tous les objets qui nous entourent.<\/p>\n<p>[\/et_pb_blurb][\/et_pb_column][et_pb_column type=\u00a0\u00bb1_3&Prime; _builder_version=\u00a0\u00bb4.16&Prime; custom_padding=\u00a0\u00bb|||\u00a0\u00bb global_colors_info=\u00a0\u00bb{}\u00a0\u00bb custom_padding__hover=\u00a0\u00bb|||\u00a0\u00bb][et_pb_blurb title=\u00a0\u00bbINFOGRAPHIE\u00a0\u00bb url=\u00a0\u00bbhttp:\/\/www.e-artiste.fr\/creation\/infographie\/\u00a0\u00bb image=\u00a0\u00bbhttp:\/\/www.e-artiste.fr\/creation\/wp-content\/uploads\/2015\/01\/pictosDesignG.png\u00a0\u00bb admin_label=\u00a0\u00bbBlurb\u00a0\u00bb _builder_version=\u00a0\u00bb4.16&Prime; background_size=\u00a0\u00bbinitial\u00a0\u00bb background_position=\u00a0\u00bbtop_left\u00a0\u00bb background_repeat=\u00a0\u00bbrepeat\u00a0\u00bb text_orientation=\u00a0\u00bbcenter\u00a0\u00bb global_colors_info=\u00a0\u00bb{}\u00a0\u00bb]Charte graphique,\u00a0identit\u00e9 visuelle, logo, pictogramme, mise en page&#8230;<br \/>\n[\/et_pb_blurb][et_pb_blurb title=\u00a0\u00bbDESIGN INT\u00c9RIEUR\u00a0\u00bb url=\u00a0\u00bbhttp:\/\/www.e-artiste.fr\/creation\/design-interieur\u00a0\u00bb image=\u00a0\u00bbhttp:\/\/www.e-artiste.fr\/creation\/wp-content\/uploads\/2014\/10\/pictosDesignI2.png\u00a0\u00bb admin_label=\u00a0\u00bbBlurb\u00a0\u00bb _builder_version=\u00a0\u00bb4.16&Prime; background_size=\u00a0\u00bbinitial\u00a0\u00bb background_position=\u00a0\u00bbtop_left\u00a0\u00bb background_repeat=\u00a0\u00bbrepeat\u00a0\u00bb text_orientation=\u00a0\u00bbcenter\u00a0\u00bb global_colors_info=\u00a0\u00bb{}\u00a0\u00bb]Un domaine cr\u00e9atif ou l&rsquo;on invente\u00a0et dessine\u00a0des espaces personnels.<br \/>\n[\/et_pb_blurb][\/et_pb_column][et_pb_column type=\u00a0\u00bb1_3&Prime; _builder_version=\u00a0\u00bb4.16&Prime; custom_padding=\u00a0\u00bb|||\u00a0\u00bb global_colors_info=\u00a0\u00bb{}\u00a0\u00bb custom_padding__hover=\u00a0\u00bb|||\u00a0\u00bb][et_pb_blurb title=\u00a0\u00bbPHOTOGRAPHIE\u00a0\u00bb url=\u00a0\u00bbhttp:\/\/www.e-artiste.fr\/creation\/photographie\u00a0\u00bb image=\u00a0\u00bbhttp:\/\/www.e-artiste.fr\/creation\/wp-content\/uploads\/2015\/02\/pictosPhoto2.png\u00a0\u00bb admin_label=\u00a0\u00bbBlurb\u00a0\u00bb _builder_version=\u00a0\u00bb4.16&Prime; background_size=\u00a0\u00bbinitial\u00a0\u00bb background_position=\u00a0\u00bbtop_left\u00a0\u00bb background_repeat=\u00a0\u00bbrepeat\u00a0\u00bb text_orientation=\u00a0\u00bbcenter\u00a0\u00bb animation=\u00a0\u00bbleft\u00a0\u00bb global_colors_info=\u00a0\u00bb{}\u00a0\u00bb]<\/p>\n<p>Reportage sur mesure,\u00a0prise de vue produit, photographies stylis\u00e9es.<\/p>\n<p>[\/et_pb_blurb][et_pb_blurb title=\u00a0\u00bbLA BOITE\u00a0\u00bb url=\u00a0\u00bbhttp:\/\/www.e-artiste.fr\/creation\/atelier\/\u00a0\u00bb image=\u00a0\u00bbhttp:\/\/www.e-artiste.fr\/creation\/wp-content\/uploads\/2015\/01\/pictosAtelier.png\u00a0\u00bb admin_label=\u00a0\u00bbBlurb\u00a0\u00bb _builder_version=\u00a0\u00bb4.16&Prime; background_size=\u00a0\u00bbinitial\u00a0\u00bb background_position=\u00a0\u00bbtop_left\u00a0\u00bb background_repeat=\u00a0\u00bbrepeat\u00a0\u00bb text_orientation=\u00a0\u00bbcenter\u00a0\u00bb animation=\u00a0\u00bbleft\u00a0\u00bb global_colors_info=\u00a0\u00bb{}\u00a0\u00bb]<\/p>\n<p>Un atelier, un espace de cr\u00e9ation et d&rsquo;exposition. Infos\/Contacts<\/p>\n<p>[\/et_pb_blurb][\/et_pb_column][\/et_pb_row][\/et_pb_section][et_pb_section fb_built=\u00a0\u00bb1&Prime; fullwidth=\u00a0\u00bbon\u00a0\u00bb _builder_version=\u00a0\u00bb4.16&Prime; global_colors_info=\u00a0\u00bb{}\u00a0\u00bb][et_pb_fullwidth_portfolio include_categories=\u00a0\u00bb41,40,39,35,38&Prime; show_date=\u00a0\u00bboff\u00a0\u00bb zoom_icon_color=\u00a0\u00bb#d33f00&Prime; admin_label=\u00a0\u00bbFullwidth Portfolio\u00a0\u00bb _builder_version=\u00a0\u00bb4.16&Prime; background_size=\u00a0\u00bbinitial\u00a0\u00bb background_position=\u00a0\u00bbtop_left\u00a0\u00bb background_repeat=\u00a0\u00bbrepeat\u00a0\u00bb portfolio_header_font_size_tablet=\u00a0\u00bb51&Prime; portfolio_header_line_height_tablet=\u00a0\u00bb2&Prime; border_width_top_image=\u00a0\u00bb1&Prime; border_width_bottom_image=\u00a0\u00bb1&Prime; global_colors_info=\u00a0\u00bb{}\u00a0\u00bb][\/et_pb_fullwidth_portfolio][\/et_pb_section][et_pb_section fb_built=\u00a0\u00bb1&Prime; inner_shadow=\u00a0\u00bbon\u00a0\u00bb _builder_version=\u00a0\u00bb4.16&Prime; background_color=\u00a0\u00bb#ededed\u00a0\u00bb box_shadow_style=\u00a0\u00bbpreset6&Prime; global_colors_info=\u00a0\u00bb{}\u00a0\u00bb][et_pb_row _builder_version=\u00a0\u00bb4.16&Prime; background_size=\u00a0\u00bbinitial\u00a0\u00bb background_position=\u00a0\u00bbtop_left\u00a0\u00bb background_repeat=\u00a0\u00bbrepeat\u00a0\u00bb global_colors_info=\u00a0\u00bb{}\u00a0\u00bb][et_pb_column type=\u00a0\u00bb4_4&Prime; _builder_version=\u00a0\u00bb4.16&Prime; custom_padding=\u00a0\u00bb|||\u00a0\u00bb global_colors_info=\u00a0\u00bb{}\u00a0\u00bb custom_padding__hover=\u00a0\u00bb|||\u00a0\u00bb][et_pb_text _builder_version=\u00a0\u00bb4.16&Prime; header_2_font_size=\u00a0\u00bb21px\u00a0\u00bb background_size=\u00a0\u00bbinitial\u00a0\u00bb background_position=\u00a0\u00bbtop_left\u00a0\u00bb background_repeat=\u00a0\u00bbrepeat\u00a0\u00bb global_colors_info=\u00a0\u00bb{}\u00a0\u00bb]<\/p>\n<h2 style=\"text-align: center;\"><span style=\"color: #333333;\"><a style=\"color: #333333;\" href=\"http:\/\/e-artiste.fr\/creation\/360\/atelier.html\" target=\"_blank\" rel=\"noopener noreferrer\">Un\u00a0univers\u00a0artistique\u00a0color\u00e9<\/a><\/span><\/h2>\n<p>[\/et_pb_text][et_pb_text _builder_version=\u00a0\u00bb4.16&Prime; text_font_size=\u00a0\u00bb13px\u00a0\u00bb text_line_height=\u00a0\u00bb1.5em\u00a0\u00bb background_size=\u00a0\u00bbinitial\u00a0\u00bb background_position=\u00a0\u00bbtop_left\u00a0\u00bb background_repeat=\u00a0\u00bbrepeat\u00a0\u00bb custom_padding=\u00a0\u00bb||0px|||\u00a0\u00bb global_colors_info=\u00a0\u00bb{}\u00a0\u00bb]<\/p>\n<p style=\"text-align: justify;\">\u00ab\u00a0Proposer un large panel de possibilit\u00e9s est\u00a0l&rsquo;objectif fix\u00e9 avec l&rsquo;atelier graphique. Design, graphisme, dessins,\u00a0illustrations, photographies professionnelles; une\u00a0conception de\u00a0la cr\u00e9ation visuelle qui s&rsquo;appuie sur de nombreuses comp\u00e9tences et un r\u00e9seau professionnel de proximit\u00e9. Choisir l&rsquo;atelier graphique c&rsquo;est choisir\u00a0des cr\u00e9ations originales et un suivi de fabrication optimal ! <strong>\u00a0<a href=\"https:\/\/e-artiste.fr\/creation\/360\/atelier.html\" target=\"_blank\" rel=\"noopener noreferrer\">Plus&#8230;<\/a><\/strong><\/p>\n<p>[\/et_pb_text][\/et_pb_column][\/et_pb_row][\/et_pb_section][et_pb_section fb_built=\u00a0\u00bb1&Prime; _builder_version=\u00a0\u00bb4.16&Prime; global_colors_info=\u00a0\u00bb{}\u00a0\u00bb][et_pb_row _builder_version=\u00a0\u00bb4.16&Prime; background_size=\u00a0\u00bbinitial\u00a0\u00bb background_position=\u00a0\u00bbtop_left\u00a0\u00bb background_repeat=\u00a0\u00bbrepeat\u00a0\u00bb global_colors_info=\u00a0\u00bb{}\u00a0\u00bb][et_pb_column type=\u00a0\u00bb4_4&Prime; _builder_version=\u00a0\u00bb4.16&Prime; custom_padding=\u00a0\u00bb|||\u00a0\u00bb global_colors_info=\u00a0\u00bb{}\u00a0\u00bb custom_padding__hover=\u00a0\u00bb|||\u00a0\u00bb][et_pb_text _builder_version=\u00a0\u00bb4.19.2&Prime; header_2_font_size=\u00a0\u00bb22px\u00a0\u00bb background_size=\u00a0\u00bbinitial\u00a0\u00bb background_position=\u00a0\u00bbtop_left\u00a0\u00bb background_repeat=\u00a0\u00bbrepeat\u00a0\u00bb global_colors_info=\u00a0\u00bb{}\u00a0\u00bb]<\/p>\n<h2 style=\"text-align: center;\"><span style=\"color: #333333;\">cr\u00e9er \/ lier\u00a0\/\u00a0partager<\/span><\/h2>\n<p>&nbsp;<\/p>\n<p style=\"text-align: center;\"><a href=\"https:\/\/www.facebook.com\/Eartiste\" rel=\"attachment wp-att-3450\"><img loading=\"lazy\" decoding=\"async\" class=\"alignnone wp-image-3450\" src=\"http:\/\/e-artiste.fr\/creation\/wp-content\/uploads\/2014\/10\/atelier-graphique-e-artiste.png\" alt=\"atelier graphique e-artiste\" width=\"494\" height=\"70\" srcset=\"https:\/\/e-artiste.fr\/creation\/wp-content\/uploads\/2014\/10\/atelier-graphique-e-artiste.png 600w, https:\/\/e-artiste.fr\/creation\/wp-content\/uploads\/2014\/10\/atelier-graphique-e-artiste-300x43.png 300w\" sizes=\"(max-width: 494px) 100vw, 494px\" \/><\/a><\/p>\n<p style=\"text-align: center;\">[\/et_pb_text][et_pb_divider _builder_version=\u00a0\u00bb4.16&Prime; _module_preset=\u00a0\u00bbdefault\u00a0\u00bb custom_margin=\u00a0\u00bb||15px|||\u00a0\u00bb global_colors_info=\u00a0\u00bb{}\u00a0\u00bb][\/et_pb_divider][et_pb_text _builder_version=\u00a0\u00bb4.16&Prime; header_2_font_size=\u00a0\u00bb22px\u00a0\u00bb background_size=\u00a0\u00bbinitial\u00a0\u00bb background_position=\u00a0\u00bbtop_left\u00a0\u00bb background_repeat=\u00a0\u00bbrepeat\u00a0\u00bb global_colors_info=\u00a0\u00bb{}\u00a0\u00bb]<\/p>\n<p style=\"text-align: center;\">\n<h1 style=\"text-align: center;\"><a href=\"https:\/\/jetteunoeil.fr\"><span>Jette un \u0153il<\/span><\/a><\/h1>\n<h2 style=\"text-align: center;\"><span>Un jeu pour les grands, les tr\u00e8s grands !<\/span><span><\/span><\/h2>\n<p style=\"text-align: center;\"><a href=\"https:\/\/jetteunoeil.fr\/design-fr\/\"><span><strong>fabriqu\u00e9 en Franche-Comt\u00e9<\/strong><\/span><\/a><\/p>\n<p>[\/et_pb_text][\/et_pb_column][\/et_pb_row][et_pb_row _builder_version=\u00a0\u00bb4.16&Prime; custom_padding=\u00a0\u00bb0|0px|25.15625px|0px|false|false\u00a0\u00bb global_colors_info=\u00a0\u00bb{}\u00a0\u00bb][et_pb_column type=\u00a0\u00bb4_4&Prime; _builder_version=\u00a0\u00bb4.16&Prime; custom_padding=\u00a0\u00bb|||\u00a0\u00bb global_colors_info=\u00a0\u00bb{}\u00a0\u00bb custom_padding__hover=\u00a0\u00bb|||\u00a0\u00bb][et_pb_image src=\u00a0\u00bbhttps:\/\/e-artiste.fr\/creation\/wp-content\/uploads\/2020\/03\/acceuil-jetteunoeil.jpg\u00a0\u00bb url=\u00a0\u00bbhttps:\/\/jetteunoeil.fr\u00a0\u00bb url_new_window=\u00a0\u00bbon\u00a0\u00bb align=\u00a0\u00bbcenter\u00a0\u00bb align_tablet=\u00a0\u00bbcenter\u00a0\u00bb align_phone=\u00a0\u00bb\u00a0\u00bb align_last_edited=\u00a0\u00bbon|desktop\u00a0\u00bb _builder_version=\u00a0\u00bb4.19.2&Prime; custom_margin=\u00a0\u00bb-7px|||||\u00a0\u00bb global_colors_info=\u00a0\u00bb{}\u00a0\u00bb][\/et_pb_image][\/et_pb_column][\/et_pb_row][\/et_pb_section]<\/p>\n","protected":false},"excerpt":{"rendered":"<p>Cr\u00e9ations graphiques, infographie, communication visuelle.<\/p>\n","protected":false},"author":1,"featured_media":3532,"parent":0,"menu_order":0,"comment_status":"open","ping_status":"open","template":"","meta":{"_et_pb_use_builder":"on","_et_pb_old_content":"","_et_gb_content_width":"","footnotes":""},"class_list":["post-833","page","type-page","status-publish","has-post-thumbnail","hentry"],"_links":{"self":[{"href":"https:\/\/e-artiste.fr\/creation\/wp-json\/wp\/v2\/pages\/833","targetHints":{"allow":["GET"]}}],"collection":[{"href":"https:\/\/e-artiste.fr\/creation\/wp-json\/wp\/v2\/pages"}],"about":[{"href":"https:\/\/e-artiste.fr\/creation\/wp-json\/wp\/v2\/types\/page"}],"author":[{"embeddable":true,"href":"https:\/\/e-artiste.fr\/creation\/wp-json\/wp\/v2\/users\/1"}],"replies":[{"embeddable":true,"href":"https:\/\/e-artiste.fr\/creation\/wp-json\/wp\/v2\/comments?post=833"}],"version-history":[{"count":364,"href":"https:\/\/e-artiste.fr\/creation\/wp-json\/wp\/v2\/pages\/833\/revisions"}],"predecessor-version":[{"id":4134,"href":"https:\/\/e-artiste.fr\/creation\/wp-json\/wp\/v2\/pages\/833\/revisions\/4134"}],"wp:featuredmedia":[{"embeddable":true,"href":"https:\/\/e-artiste.fr\/creation\/wp-json\/wp\/v2\/media\/3532"}],"wp:attachment":[{"href":"https:\/\/e-artiste.fr\/creation\/wp-json\/wp\/v2\/media?parent=833"}],"curies":[{"name":"wp","href":"https:\/\/api.w.org\/{rel}","templated":true}]}}